{"id":2138,"date":"2024-02-28T20:59:09","date_gmt":"2024-02-28T19:59:09","guid":{"rendered":"https:\/\/speicherladen.at\/?post_type=product&#038;p=2138"},"modified":"2025-07-01T10:24:01","modified_gmt":"2025-07-01T08:24:01","slug":"notstromladegeraet-epc-23110-set","status":"publish","type":"product","link":"https:\/\/speicherladen.at\/en\/product\/notstromladegeraet-epc-23110-set\/","title":{"rendered":"Emergency power charger EPC-23110 set"},"content":{"rendered":"","protected":false},"excerpt":{"rendered":"<ul>\n<li class=\"p1\">Security of supply during power outages<\/li>\n<li class=\"p1\">incl. trickle charger for starter battery<\/li>\n<li class=\"p1\">Charge the storage battery and supply the building with electricity<\/li>\n<li class=\"p1\">Continuous current flow even at peak loads<\/li>\n<li class=\"p1\">Emergency operation day and night in the event of a power failure<\/li>\n<li class=\"p1\">Direct charging of the battery storage on the DC side<\/li>\n<li class=\"p1\">No installation necessary \"plug and play\"<\/li>\n<\/ul>\n<p><strong>Nominal voltage:<\/strong> 400-600V DC<\/p>\n<p class=\"p1\"><strong>Performance:<\/strong> 7.8-8.2 kWh<\/p>\n<p class=\"p1\"><strong>Fuel:<\/strong> Diesel, heating oil sulphur-free<\/p>\n<p class=\"p1\"><strong>Dimensions WxDxH:<\/strong> 1075x610x750mm<\/p>\n<p class=\"p1\"><strong>Net weight:<\/strong> 180 kg<\/p>\n<p class=\"p1\"><strong>SET consisting of:<\/strong><\/p>\n<ul>\n<li class=\"p1\">-EPC-23110<\/li>\n<li class=\"p1\">-Cable set 10m MC4 incl. earthing<\/li>\n<li class=\"p1\">-DM switchbox<\/li>\n<\/ul>\n<p class=\"p1\">Delivery date on request<br \/>\nRepairs are carried out exclusively on site at DM Elektrotechnik GmbH in Hellmons\u00f6dt.<\/p>","protected":false},"featured_media":2543,"template":"","meta":{"_acf_changed":false},"product_cat":[24],"product_tag":[],"class_list":{"0":"post-2138","1":"product","2":"type-product","3":"status-publish","4":"has-post-thumbnail","6":"product_cat-notstromladegeraete-epc","7":"product_shipping_class-versand-und-verpackung-epc","9":"first","10":"instock","11":"featured","12":"taxable","13":"shipping-taxable","14":"purchasable","15":"product-type-simple"},"acf":[],"yoast_head":"<!-- This site is optimized with the Yoast SEO plugin v26.6 - https:\/\/yoast.com\/wordpress\/plugins\/seo\/ -->\n<title>Notstromladeger\u00e4t EPC-23110 Set - Speicherladen.at<\/title>\n<meta name=\"robots\" content=\"index, follow, max-snippet:-1, max-image-preview:large, max-video-preview:-1\" \/>\n<link rel=\"canonical\" href=\"https:\/\/speicherladen.at\/en\/product\/notstromladegeraet-epc-23110-set\/\" \/>\n<meta property=\"og:locale\" content=\"en_GB\" \/>\n<meta property=\"og:type\" content=\"article\" \/>\n<meta property=\"og:title\" content=\"Notstromladeger\u00e4t EPC-23110 Set - Speicherladen.at\" \/>\n<meta property=\"og:description\" content=\"Versorgungssicherheit bei Stromausf\u00e4llen  inkl. Erhaltungsladeger\u00e4t fu\u0308r Starterbatterie  Speicherbatterie aufladen und das Geb\u00e4ude mit Strom versorgen  Kontinuierlicher Stromfluss auch bei Spitzenlasten  Not-Betrieb Tag und Nacht bei Netzausfall  Direktes Laden des Batteriespeichers DC-seitig  Keine Installation notwendig \u201eplug and play\u201c  Nennspannung: 400-600V DC Leistung: 7,8-8,2 kWh Treibstoff: Diesel, Heiz\u00f6l schwefelfrei Abmessung BxTxH: 1075x610x750mm Nettogewicht: 180 kg SET bestehend aus:    -EPC-23110  -Kabelsatz 10m MC4 inkl. Erdung  -Umschaltbox DM  Liefertermin auf Anfrage Reparaturen finden ausschlie\u00dflich vor Ort bei der DM Elektrotechnik GmbH in Hellmons\u00f6dt statt.\" \/>\n<meta property=\"og:url\" content=\"https:\/\/speicherladen.at\/en\/product\/notstromladegeraet-epc-23110-set\/\" \/>\n<meta property=\"og:site_name\" content=\"Speicherladen.at\" \/>\n<meta property=\"article:publisher\" content=\"https:\/\/www.facebook.com\/dmelektrotechnik\" \/>\n<meta property=\"article:modified_time\" content=\"2025-07-01T08:24:01+00:00\" \/>\n<meta property=\"og:image\" content=\"https:\/\/speicherladen.at\/wp-content\/uploads\/2024\/02\/epc-set23111.png\" \/>\n\t<meta property=\"og:image:width\" content=\"1000\" \/>\n\t<meta property=\"og:image:height\" content=\"1000\" \/>\n\t<meta property=\"og:image:type\" content=\"image\/png\" \/>\n<meta name=\"twitter:card\" content=\"summary_large_image\" \/>\n<meta name=\"twitter:label1\" content=\"Estimated reading time\" \/>\n\t<meta name=\"twitter:data1\" content=\"1 minute\" \/>\n<script type=\"application\/ld+json\" class=\"yoast-schema-graph\">{\"@context\":\"https:\/\/schema.org\",\"@graph\":[{\"@type\":\"WebPage\",\"@id\":\"https:\/\/speicherladen.at\/product\/notstromladegeraet-epc-23110-set\/\",\"url\":\"https:\/\/speicherladen.at\/product\/notstromladegeraet-epc-23110-set\/\",\"name\":\"Notstromladeger\u00e4t EPC-23110 Set - Speicherladen.at\",\"isPartOf\":{\"@id\":\"https:\/\/speicherladen.at\/#website\"},\"primaryImageOfPage\":{\"@id\":\"https:\/\/speicherladen.at\/product\/notstromladegeraet-epc-23110-set\/#primaryimage\"},\"image\":{\"@id\":\"https:\/\/speicherladen.at\/product\/notstromladegeraet-epc-23110-set\/#primaryimage\"},\"thumbnailUrl\":\"https:\/\/speicherladen.at\/wp-content\/uploads\/2024\/02\/epc-set23111.png\",\"datePublished\":\"2024-02-28T19:59:09+00:00\",\"dateModified\":\"2025-07-01T08:24:01+00:00\",\"breadcrumb\":{\"@id\":\"https:\/\/speicherladen.at\/product\/notstromladegeraet-epc-23110-set\/#breadcrumb\"},\"inLanguage\":\"en-GB\",\"potentialAction\":[{\"@type\":\"ReadAction\",\"target\":[\"https:\/\/speicherladen.at\/product\/notstromladegeraet-epc-23110-set\/\"]}]},{\"@type\":\"ImageObject\",\"inLanguage\":\"en-GB\",\"@id\":\"https:\/\/speicherladen.at\/product\/notstromladegeraet-epc-23110-set\/#primaryimage\",\"url\":\"https:\/\/speicherladen.at\/wp-content\/uploads\/2024\/02\/epc-set23111.png\",\"contentUrl\":\"https:\/\/speicherladen.at\/wp-content\/uploads\/2024\/02\/epc-set23111.png\",\"width\":1000,\"height\":1000},{\"@type\":\"BreadcrumbList\",\"@id\":\"https:\/\/speicherladen.at\/product\/notstromladegeraet-epc-23110-set\/#breadcrumb\",\"itemListElement\":[{\"@type\":\"ListItem\",\"position\":1,\"name\":\"Startseite\",\"item\":\"https:\/\/speicherladen.at\/de\/\"},{\"@type\":\"ListItem\",\"position\":2,\"name\":\"Shop\",\"item\":\"https:\/\/speicherladen.at\/shop\/\"},{\"@type\":\"ListItem\",\"position\":3,\"name\":\"Notstromladeger\u00e4t EPC-23110 Set\"}]},{\"@type\":\"WebSite\",\"@id\":\"https:\/\/speicherladen.at\/#website\",\"url\":\"https:\/\/speicherladen.at\/\",\"name\":\"Speicherladen.at\",\"description\":\"Autonomie mit PV Anlagen\",\"publisher\":{\"@id\":\"https:\/\/speicherladen.at\/#organization\"},\"potentialAction\":[{\"@type\":\"SearchAction\",\"target\":{\"@type\":\"EntryPoint\",\"urlTemplate\":\"https:\/\/speicherladen.at\/?s={search_term_string}\"},\"query-input\":{\"@type\":\"PropertyValueSpecification\",\"valueRequired\":true,\"valueName\":\"search_term_string\"}}],\"inLanguage\":\"en-GB\"},{\"@type\":\"Organization\",\"@id\":\"https:\/\/speicherladen.at\/#organization\",\"name\":\"DM Elektrotechnik GmbH\",\"url\":\"https:\/\/speicherladen.at\/\",\"logo\":{\"@type\":\"ImageObject\",\"inLanguage\":\"en-GB\",\"@id\":\"https:\/\/speicherladen.at\/#\/schema\/logo\/image\/\",\"url\":\"https:\/\/speicherladen.at\/wp-content\/uploads\/2022\/04\/LOGO_DM-Elektro.png\",\"contentUrl\":\"https:\/\/speicherladen.at\/wp-content\/uploads\/2022\/04\/LOGO_DM-Elektro.png\",\"width\":3147,\"height\":3147,\"caption\":\"DM Elektrotechnik GmbH\"},\"image\":{\"@id\":\"https:\/\/speicherladen.at\/#\/schema\/logo\/image\/\"},\"sameAs\":[\"https:\/\/www.facebook.com\/dmelektrotechnik\",\"https:\/\/www.instagram.com\/dmelektrotechnikgmbh\/\"]}]}<\/script>\n<!-- \/ Yoast SEO plugin. -->","yoast_head_json":{"title":"Notstromladeger\u00e4t EPC-23110 Set - Speicherladen.at","robots":{"index":"index","follow":"follow","max-snippet":"max-snippet:-1","max-image-preview":"max-image-preview:large","max-video-preview":"max-video-preview:-1"},"canonical":"https:\/\/speicherladen.at\/en\/product\/notstromladegeraet-epc-23110-set\/","og_locale":"en_GB","og_type":"article","og_title":"Notstromladeger\u00e4t EPC-23110 Set - Speicherladen.at","og_description":"Versorgungssicherheit bei Stromausf\u00e4llen  inkl. Erhaltungsladeger\u00e4t fu\u0308r Starterbatterie  Speicherbatterie aufladen und das Geb\u00e4ude mit Strom versorgen  Kontinuierlicher Stromfluss auch bei Spitzenlasten  Not-Betrieb Tag und Nacht bei Netzausfall  Direktes Laden des Batteriespeichers DC-seitig  Keine Installation notwendig \u201eplug and play\u201c  Nennspannung: 400-600V DC Leistung: 7,8-8,2 kWh Treibstoff: Diesel, Heiz\u00f6l schwefelfrei Abmessung BxTxH: 1075x610x750mm Nettogewicht: 180 kg SET bestehend aus:    -EPC-23110  -Kabelsatz 10m MC4 inkl. Erdung  -Umschaltbox DM  Liefertermin auf Anfrage Reparaturen finden ausschlie\u00dflich vor Ort bei der DM Elektrotechnik GmbH in Hellmons\u00f6dt statt.","og_url":"https:\/\/speicherladen.at\/en\/product\/notstromladegeraet-epc-23110-set\/","og_site_name":"Speicherladen.at","article_publisher":"https:\/\/www.facebook.com\/dmelektrotechnik","article_modified_time":"2025-07-01T08:24:01+00:00","og_image":[{"width":1000,"height":1000,"url":"https:\/\/speicherladen.at\/wp-content\/uploads\/2024\/02\/epc-set23111.png","type":"image\/png"}],"twitter_card":"summary_large_image","twitter_misc":{"Estimated reading time":"1 minute"},"schema":{"@context":"https:\/\/schema.org","@graph":[{"@type":"WebPage","@id":"https:\/\/speicherladen.at\/product\/notstromladegeraet-epc-23110-set\/","url":"https:\/\/speicherladen.at\/product\/notstromladegeraet-epc-23110-set\/","name":"Notstromladeger\u00e4t EPC-23110 Set - Speicherladen.at","isPartOf":{"@id":"https:\/\/speicherladen.at\/#website"},"primaryImageOfPage":{"@id":"https:\/\/speicherladen.at\/product\/notstromladegeraet-epc-23110-set\/#primaryimage"},"image":{"@id":"https:\/\/speicherladen.at\/product\/notstromladegeraet-epc-23110-set\/#primaryimage"},"thumbnailUrl":"https:\/\/speicherladen.at\/wp-content\/uploads\/2024\/02\/epc-set23111.png","datePublished":"2024-02-28T19:59:09+00:00","dateModified":"2025-07-01T08:24:01+00:00","breadcrumb":{"@id":"https:\/\/speicherladen.at\/product\/notstromladegeraet-epc-23110-set\/#breadcrumb"},"inLanguage":"en-GB","potentialAction":[{"@type":"ReadAction","target":["https:\/\/speicherladen.at\/product\/notstromladegeraet-epc-23110-set\/"]}]},{"@type":"ImageObject","inLanguage":"en-GB","@id":"https:\/\/speicherladen.at\/product\/notstromladegeraet-epc-23110-set\/#primaryimage","url":"https:\/\/speicherladen.at\/wp-content\/uploads\/2024\/02\/epc-set23111.png","contentUrl":"https:\/\/speicherladen.at\/wp-content\/uploads\/2024\/02\/epc-set23111.png","width":1000,"height":1000},{"@type":"BreadcrumbList","@id":"https:\/\/speicherladen.at\/product\/notstromladegeraet-epc-23110-set\/#breadcrumb","itemListElement":[{"@type":"ListItem","position":1,"name":"Startseite","item":"https:\/\/speicherladen.at\/de\/"},{"@type":"ListItem","position":2,"name":"Shop","item":"https:\/\/speicherladen.at\/shop\/"},{"@type":"ListItem","position":3,"name":"Notstromladeger\u00e4t EPC-23110 Set"}]},{"@type":"WebSite","@id":"https:\/\/speicherladen.at\/#website","url":"https:\/\/speicherladen.at\/","name":"Speicherladen.at","description":"Autonomy with PV systems","publisher":{"@id":"https:\/\/speicherladen.at\/#organization"},"potentialAction":[{"@type":"SearchAction","target":{"@type":"EntryPoint","urlTemplate":"https:\/\/speicherladen.at\/?s={search_term_string}"},"query-input":{"@type":"PropertyValueSpecification","valueRequired":true,"valueName":"search_term_string"}}],"inLanguage":"en-GB"},{"@type":"Organization","@id":"https:\/\/speicherladen.at\/#organization","name":"DM Elektrotechnik GmbH","url":"https:\/\/speicherladen.at\/","logo":{"@type":"ImageObject","inLanguage":"en-GB","@id":"https:\/\/speicherladen.at\/#\/schema\/logo\/image\/","url":"https:\/\/speicherladen.at\/wp-content\/uploads\/2022\/04\/LOGO_DM-Elektro.png","contentUrl":"https:\/\/speicherladen.at\/wp-content\/uploads\/2022\/04\/LOGO_DM-Elektro.png","width":3147,"height":3147,"caption":"DM Elektrotechnik GmbH"},"image":{"@id":"https:\/\/speicherladen.at\/#\/schema\/logo\/image\/"},"sameAs":["https:\/\/www.facebook.com\/dmelektrotechnik","https:\/\/www.instagram.com\/dmelektrotechnikgmbh\/"]}]}},"_links":{"self":[{"href":"https:\/\/speicherladen.at\/en\/wp-json\/wp\/v2\/product\/2138","targetHints":{"allow":["GET"]}}],"collection":[{"href":"https:\/\/speicherladen.at\/en\/wp-json\/wp\/v2\/product"}],"about":[{"href":"https:\/\/speicherladen.at\/en\/wp-json\/wp\/v2\/types\/product"}],"version-history":[{"count":2,"href":"https:\/\/speicherladen.at\/en\/wp-json\/wp\/v2\/product\/2138\/revisions"}],"predecessor-version":[{"id":2580,"href":"https:\/\/speicherladen.at\/en\/wp-json\/wp\/v2\/product\/2138\/revisions\/2580"}],"wp:featuredmedia":[{"embeddable":true,"href":"https:\/\/speicherladen.at\/en\/wp-json\/wp\/v2\/media\/2543"}],"wp:attachment":[{"href":"https:\/\/speicherladen.at\/en\/wp-json\/wp\/v2\/media?parent=2138"}],"wp:term":[{"taxonomy":"product_cat","embeddable":true,"href":"https:\/\/speicherladen.at\/en\/wp-json\/wp\/v2\/product_cat?post=2138"},{"taxonomy":"product_tag","embeddable":true,"href":"https:\/\/speicherladen.at\/en\/wp-json\/wp\/v2\/product_tag?post=2138"}],"curies":[{"name":"wp","href":"https:\/\/api.w.org\/{rel}","templated":true}]}}