{"id":2084,"date":"2026-02-13T10:40:17","date_gmt":"2026-02-13T09:40:17","guid":{"rendered":"https:\/\/speicherladen.at\/?post_type=product&#038;p=2084"},"modified":"2026-02-17T16:26:01","modified_gmt":"2026-02-17T15:26:01","slug":"notstromladeadapter-ept-2560","status":"publish","type":"product","link":"https:\/\/speicherladen.at\/en\/product\/notstromladeadapter-ept-2560\/","title":{"rendered":"EPT-2560 emergency charging adapter"},"content":{"rendered":"","protected":false},"excerpt":{"rendered":"<p class=\"p1\"><strong>Charging adapter for emergency power generators<\/strong><br \/>\nThe perfect addition to your emergency power generator.<\/p>\n<ul>\n<li class=\"p1\">Emergency generator output min. 2kVA<\/li>\n<li class=\"p1\">Security of supply during power outages<\/li>\n<li class=\"p1\">Charge the storage battery and supply the building with electricity<\/li>\n<li class=\"p1\">Continuous current flow even at peak loads<\/li>\n<li class=\"p1\">Emergency operation day and night in the event of a power failure<\/li>\n<li class=\"p1\">Direct charging of the battery storage on the DC side<\/li>\n<li class=\"p1\">No installation necessary \"plug and play\"<\/li>\n<\/ul>\n<p class=\"p1\">If no MPP tracker is available, the DM switch box item must be ordered additionally<\/p>\n<p>Charging voltage: 400-600 V DC regulated<br \/>\nPower: 6 kW<br \/>\nDimensions: 500 x 210 x 500<br \/>\nNet weight: 27 kg<\/p>\n<p class=\"p1\">Delivery date on request<br \/>\nRepairs are carried out exclusively on site at DM Elektrotechnik GmbH in Hellmons\u00f6dt.<\/p>","protected":false},"featured_media":2711,"template":"","meta":{"_acf_changed":false},"product_cat":[25],"product_tag":[],"class_list":{"0":"post-2084","1":"product","2":"type-product","3":"status-publish","4":"has-post-thumbnail","6":"product_cat-notstromladeadapter-ept","7":"product_shipping_class-versand-und-verpackung-ept-2360-2320","9":"first","10":"instock","11":"taxable","12":"shipping-taxable","13":"purchasable","14":"product-type-simple"},"acf":[],"yoast_head":"<!-- This site is optimized with the Yoast SEO plugin v26.6 - https:\/\/yoast.com\/wordpress\/plugins\/seo\/ -->\n<title>Notstromladeadapter EPT-2560 - Speicherladen.at<\/title>\n<meta name=\"robots\" content=\"index, follow, max-snippet:-1, max-image-preview:large, max-video-preview:-1\" \/>\n<link rel=\"canonical\" href=\"https:\/\/speicherladen.at\/en\/product\/notstromladeadapter-ept-2560\/\" \/>\n<meta property=\"og:locale\" content=\"en_GB\" \/>\n<meta property=\"og:type\" content=\"article\" \/>\n<meta property=\"og:title\" content=\"Notstromladeadapter EPT-2560 - Speicherladen.at\" \/>\n<meta property=\"og:description\" content=\"Ladeadapter fu\u0308r Notstromaggregate Die perfekte Erg\u00e4nzung zu Ihrem Notstromgenerator.    Leistung Notstromaggregat min. 2kVA  Versorgungssicherheit bei Stromausf\u00e4llen  Speicherbatterie aufladen und das Geb\u00e4ude mit Strom versorgen  Kontinuierlicher Stromfluss auch bei Spitzenlasten  Not-Betrieb Tag und Nacht bei Netzausfall  Direktes Laden des Batteriespeichers DCseitig  Keine Installation notwendig \u201eplug and play\u201c  Wenn kein MPP-Tracker frei ist muss der Artikel Umschaltbox DM zus\u00e4tzlich bestellt werden Ladespannung: 400-600 V DC geregelt Leistung: 6 kW Abmessung: 500 x 210 x 500 Nettogewicht: 27 kg Liefertermin auf Anfrage Reparaturen finden ausschlie\u00dflich vor Ort bei der DM Elektrotechnik GmbH in Hellmons\u00f6dt statt.\" \/>\n<meta property=\"og:url\" content=\"https:\/\/speicherladen.at\/en\/product\/notstromladeadapter-ept-2560\/\" \/>\n<meta property=\"og:site_name\" content=\"Speicherladen.at\" \/>\n<meta property=\"article:publisher\" content=\"https:\/\/www.facebook.com\/dmelektrotechnik\" \/>\n<meta property=\"article:modified_time\" content=\"2026-02-17T15:26:01+00:00\" \/>\n<meta property=\"og:image\" content=\"https:\/\/speicherladen.at\/wp-content\/uploads\/2024\/02\/Front-EPT-2360-zugeschnitten.png\" \/>\n\t<meta property=\"og:image:width\" content=\"280\" \/>\n\t<meta property=\"og:image:height\" content=\"253\" \/>\n\t<meta property=\"og:image:type\" content=\"image\/png\" \/>\n<meta name=\"twitter:card\" content=\"summary_large_image\" \/>\n<meta name=\"twitter:label1\" content=\"Estimated reading time\" \/>\n\t<meta name=\"twitter:data1\" content=\"1 minute\" \/>\n<script type=\"application\/ld+json\" class=\"yoast-schema-graph\">{\"@context\":\"https:\/\/schema.org\",\"@graph\":[{\"@type\":\"WebPage\",\"@id\":\"https:\/\/speicherladen.at\/product\/notstromladeadapter-ept-2560\/\",\"url\":\"https:\/\/speicherladen.at\/product\/notstromladeadapter-ept-2560\/\",\"name\":\"Notstromladeadapter EPT-2560 - Speicherladen.at\",\"isPartOf\":{\"@id\":\"https:\/\/speicherladen.at\/#website\"},\"primaryImageOfPage\":{\"@id\":\"https:\/\/speicherladen.at\/product\/notstromladeadapter-ept-2560\/#primaryimage\"},\"image\":{\"@id\":\"https:\/\/speicherladen.at\/product\/notstromladeadapter-ept-2560\/#primaryimage\"},\"thumbnailUrl\":\"https:\/\/speicherladen.at\/wp-content\/uploads\/2024\/02\/Front-EPT-2360-zugeschnitten.png\",\"datePublished\":\"2026-02-13T09:40:17+00:00\",\"dateModified\":\"2026-02-17T15:26:01+00:00\",\"breadcrumb\":{\"@id\":\"https:\/\/speicherladen.at\/product\/notstromladeadapter-ept-2560\/#breadcrumb\"},\"inLanguage\":\"en-GB\",\"potentialAction\":[{\"@type\":\"ReadAction\",\"target\":[\"https:\/\/speicherladen.at\/product\/notstromladeadapter-ept-2560\/\"]}]},{\"@type\":\"ImageObject\",\"inLanguage\":\"en-GB\",\"@id\":\"https:\/\/speicherladen.at\/product\/notstromladeadapter-ept-2560\/#primaryimage\",\"url\":\"https:\/\/speicherladen.at\/wp-content\/uploads\/2024\/02\/Front-EPT-2360-zugeschnitten.png\",\"contentUrl\":\"https:\/\/speicherladen.at\/wp-content\/uploads\/2024\/02\/Front-EPT-2360-zugeschnitten.png\",\"width\":280,\"height\":253},{\"@type\":\"BreadcrumbList\",\"@id\":\"https:\/\/speicherladen.at\/product\/notstromladeadapter-ept-2560\/#breadcrumb\",\"itemListElement\":[{\"@type\":\"ListItem\",\"position\":1,\"name\":\"Startseite\",\"item\":\"https:\/\/speicherladen.at\/de\/\"},{\"@type\":\"ListItem\",\"position\":2,\"name\":\"Shop\",\"item\":\"https:\/\/speicherladen.at\/shop\/\"},{\"@type\":\"ListItem\",\"position\":3,\"name\":\"Notstromladeadapter EPT-2560\"}]},{\"@type\":\"WebSite\",\"@id\":\"https:\/\/speicherladen.at\/#website\",\"url\":\"https:\/\/speicherladen.at\/\",\"name\":\"Speicherladen.at\",\"description\":\"Autonomie mit PV Anlagen\",\"publisher\":{\"@id\":\"https:\/\/speicherladen.at\/#organization\"},\"potentialAction\":[{\"@type\":\"SearchAction\",\"target\":{\"@type\":\"EntryPoint\",\"urlTemplate\":\"https:\/\/speicherladen.at\/?s={search_term_string}\"},\"query-input\":{\"@type\":\"PropertyValueSpecification\",\"valueRequired\":true,\"valueName\":\"search_term_string\"}}],\"inLanguage\":\"en-GB\"},{\"@type\":\"Organization\",\"@id\":\"https:\/\/speicherladen.at\/#organization\",\"name\":\"DM Elektrotechnik GmbH\",\"url\":\"https:\/\/speicherladen.at\/\",\"logo\":{\"@type\":\"ImageObject\",\"inLanguage\":\"en-GB\",\"@id\":\"https:\/\/speicherladen.at\/#\/schema\/logo\/image\/\",\"url\":\"https:\/\/speicherladen.at\/wp-content\/uploads\/2022\/04\/LOGO_DM-Elektro.png\",\"contentUrl\":\"https:\/\/speicherladen.at\/wp-content\/uploads\/2022\/04\/LOGO_DM-Elektro.png\",\"width\":3147,\"height\":3147,\"caption\":\"DM Elektrotechnik GmbH\"},\"image\":{\"@id\":\"https:\/\/speicherladen.at\/#\/schema\/logo\/image\/\"},\"sameAs\":[\"https:\/\/www.facebook.com\/dmelektrotechnik\",\"https:\/\/www.instagram.com\/dmelektrotechnikgmbh\/\"]}]}<\/script>\n<!-- \/ Yoast SEO plugin. -->","yoast_head_json":{"title":"Emergency power charging adapter EPT-2560 - Speicherladen.at","robots":{"index":"index","follow":"follow","max-snippet":"max-snippet:-1","max-image-preview":"max-image-preview:large","max-video-preview":"max-video-preview:-1"},"canonical":"https:\/\/speicherladen.at\/en\/product\/notstromladeadapter-ept-2560\/","og_locale":"en_GB","og_type":"article","og_title":"Notstromladeadapter EPT-2560 - Speicherladen.at","og_description":"Ladeadapter fu\u0308r Notstromaggregate Die perfekte Erg\u00e4nzung zu Ihrem Notstromgenerator.    Leistung Notstromaggregat min. 2kVA  Versorgungssicherheit bei Stromausf\u00e4llen  Speicherbatterie aufladen und das Geb\u00e4ude mit Strom versorgen  Kontinuierlicher Stromfluss auch bei Spitzenlasten  Not-Betrieb Tag und Nacht bei Netzausfall  Direktes Laden des Batteriespeichers DCseitig  Keine Installation notwendig \u201eplug and play\u201c  Wenn kein MPP-Tracker frei ist muss der Artikel Umschaltbox DM zus\u00e4tzlich bestellt werden Ladespannung: 400-600 V DC geregelt Leistung: 6 kW Abmessung: 500 x 210 x 500 Nettogewicht: 27 kg Liefertermin auf Anfrage Reparaturen finden ausschlie\u00dflich vor Ort bei der DM Elektrotechnik GmbH in Hellmons\u00f6dt statt.","og_url":"https:\/\/speicherladen.at\/en\/product\/notstromladeadapter-ept-2560\/","og_site_name":"Speicherladen.at","article_publisher":"https:\/\/www.facebook.com\/dmelektrotechnik","article_modified_time":"2026-02-17T15:26:01+00:00","og_image":[{"width":280,"height":253,"url":"https:\/\/speicherladen.at\/wp-content\/uploads\/2024\/02\/Front-EPT-2360-zugeschnitten.png","type":"image\/png"}],"twitter_card":"summary_large_image","twitter_misc":{"Estimated reading time":"1 minute"},"schema":{"@context":"https:\/\/schema.org","@graph":[{"@type":"WebPage","@id":"https:\/\/speicherladen.at\/product\/notstromladeadapter-ept-2560\/","url":"https:\/\/speicherladen.at\/product\/notstromladeadapter-ept-2560\/","name":"Emergency power charging adapter EPT-2560 - Speicherladen.at","isPartOf":{"@id":"https:\/\/speicherladen.at\/#website"},"primaryImageOfPage":{"@id":"https:\/\/speicherladen.at\/product\/notstromladeadapter-ept-2560\/#primaryimage"},"image":{"@id":"https:\/\/speicherladen.at\/product\/notstromladeadapter-ept-2560\/#primaryimage"},"thumbnailUrl":"https:\/\/speicherladen.at\/wp-content\/uploads\/2024\/02\/Front-EPT-2360-zugeschnitten.png","datePublished":"2026-02-13T09:40:17+00:00","dateModified":"2026-02-17T15:26:01+00:00","breadcrumb":{"@id":"https:\/\/speicherladen.at\/product\/notstromladeadapter-ept-2560\/#breadcrumb"},"inLanguage":"en-GB","potentialAction":[{"@type":"ReadAction","target":["https:\/\/speicherladen.at\/product\/notstromladeadapter-ept-2560\/"]}]},{"@type":"ImageObject","inLanguage":"en-GB","@id":"https:\/\/speicherladen.at\/product\/notstromladeadapter-ept-2560\/#primaryimage","url":"https:\/\/speicherladen.at\/wp-content\/uploads\/2024\/02\/Front-EPT-2360-zugeschnitten.png","contentUrl":"https:\/\/speicherladen.at\/wp-content\/uploads\/2024\/02\/Front-EPT-2360-zugeschnitten.png","width":280,"height":253},{"@type":"BreadcrumbList","@id":"https:\/\/speicherladen.at\/product\/notstromladeadapter-ept-2560\/#breadcrumb","itemListElement":[{"@type":"ListItem","position":1,"name":"Startseite","item":"https:\/\/speicherladen.at\/de\/"},{"@type":"ListItem","position":2,"name":"Shop","item":"https:\/\/speicherladen.at\/shop\/"},{"@type":"ListItem","position":3,"name":"Notstromladeadapter EPT-2560"}]},{"@type":"WebSite","@id":"https:\/\/speicherladen.at\/#website","url":"https:\/\/speicherladen.at\/","name":"Speicherladen.at","description":"Autonomy with PV systems","publisher":{"@id":"https:\/\/speicherladen.at\/#organization"},"potentialAction":[{"@type":"SearchAction","target":{"@type":"EntryPoint","urlTemplate":"https:\/\/speicherladen.at\/?s={search_term_string}"},"query-input":{"@type":"PropertyValueSpecification","valueRequired":true,"valueName":"search_term_string"}}],"inLanguage":"en-GB"},{"@type":"Organization","@id":"https:\/\/speicherladen.at\/#organization","name":"DM Elektrotechnik GmbH","url":"https:\/\/speicherladen.at\/","logo":{"@type":"ImageObject","inLanguage":"en-GB","@id":"https:\/\/speicherladen.at\/#\/schema\/logo\/image\/","url":"https:\/\/speicherladen.at\/wp-content\/uploads\/2022\/04\/LOGO_DM-Elektro.png","contentUrl":"https:\/\/speicherladen.at\/wp-content\/uploads\/2022\/04\/LOGO_DM-Elektro.png","width":3147,"height":3147,"caption":"DM Elektrotechnik GmbH"},"image":{"@id":"https:\/\/speicherladen.at\/#\/schema\/logo\/image\/"},"sameAs":["https:\/\/www.facebook.com\/dmelektrotechnik","https:\/\/www.instagram.com\/dmelektrotechnikgmbh\/"]}]}},"_links":{"self":[{"href":"https:\/\/speicherladen.at\/en\/wp-json\/wp\/v2\/product\/2084","targetHints":{"allow":["GET"]}}],"collection":[{"href":"https:\/\/speicherladen.at\/en\/wp-json\/wp\/v2\/product"}],"about":[{"href":"https:\/\/speicherladen.at\/en\/wp-json\/wp\/v2\/types\/product"}],"version-history":[{"count":4,"href":"https:\/\/speicherladen.at\/en\/wp-json\/wp\/v2\/product\/2084\/revisions"}],"predecessor-version":[{"id":2747,"href":"https:\/\/speicherladen.at\/en\/wp-json\/wp\/v2\/product\/2084\/revisions\/2747"}],"wp:featuredmedia":[{"embeddable":true,"href":"https:\/\/speicherladen.at\/en\/wp-json\/wp\/v2\/media\/2711"}],"wp:attachment":[{"href":"https:\/\/speicherladen.at\/en\/wp-json\/wp\/v2\/media?parent=2084"}],"wp:term":[{"taxonomy":"product_cat","embeddable":true,"href":"https:\/\/speicherladen.at\/en\/wp-json\/wp\/v2\/product_cat?post=2084"},{"taxonomy":"product_tag","embeddable":true,"href":"https:\/\/speicherladen.at\/en\/wp-json\/wp\/v2\/product_tag?post=2084"}],"curies":[{"name":"wp","href":"https:\/\/api.w.org\/{rel}","templated":true}]}}