{"id":2731,"date":"2026-01-13T10:47:18","date_gmt":"2026-01-13T09:47:18","guid":{"rendered":"https:\/\/speicherladen.at\/?post_type=product&#038;p=2731"},"modified":"2026-02-18T07:51:20","modified_gmt":"2026-02-18T06:51:20","slug":"notstromladeadapter-ept-2360","status":"publish","type":"product","link":"https:\/\/speicherladen.at\/de\/product\/notstromladeadapter-ept-2360\/","title":{"rendered":"Notstromladeadapter EPT-2360"},"content":{"rendered":"","protected":false},"excerpt":{"rendered":"<p class=\"p1\"><strong><span style=\"color: red;\">Artikel mit Februar 2026 ausgelaufen<\/span><\/strong><\/p>\n<p class=\"p1\"><strong>Ladeadapter fu\u0308r Notstromaggregate<\/strong><br \/>\nDie perfekte Erg\u00e4nzung zu Ihrem Notstromgenerator.<\/p>\n<ul>\n<li class=\"p1\">Leistung Notstromaggregat min. 2kVA<\/li>\n<li class=\"p1\">Versorgungssicherheit bei Stromausf\u00e4llen<\/li>\n<li class=\"p1\">Speicherbatterie aufladen und das Geb\u00e4ude mit Strom versorgen<\/li>\n<li class=\"p1\">Kontinuierlicher Stromfluss auch bei Spitzenlasten<\/li>\n<li class=\"p1\">Not-Betrieb Tag und Nacht bei Netzausfall<\/li>\n<li class=\"p1\">Direktes Laden des Batteriespeichers DCseitig<\/li>\n<li class=\"p1\">Keine Installation notwendig \u201eplug and play\u201c<\/li>\n<\/ul>\n<p class=\"p1\">Wenn kein MPP-Tracker frei ist muss der Artikel Umschaltbox DM zus\u00e4tzlich bestellt werden<\/p>\n<p>Ladespannung: 400-600 V DC geregelt<br \/>\nLeistung: 6 kW<br \/>\nNettogewicht: 27 kg<\/p>\n<p class=\"p1\">Liefertermin auf Anfrage<br \/>\nReparaturen finden ausschlie\u00dflich vor Ort bei der DM Elektrotechnik GmbH in Hellmons\u00f6dt statt.<\/p>\n","protected":false},"featured_media":2159,"template":"","meta":{"_acf_changed":false},"product_cat":[25],"product_tag":[],"class_list":{"0":"post-2731","1":"product","2":"type-product","3":"status-publish","4":"has-post-thumbnail","6":"product_cat-notstromladeadapter-ept","7":"product_shipping_class-versand-und-verpackung-ept-2360-2320","9":"first","10":"outofstock","11":"taxable","12":"shipping-taxable","13":"product-type-simple"},"acf":[],"yoast_head":"<!-- This site is optimized with the Yoast SEO plugin v26.6 - https:\/\/yoast.com\/wordpress\/plugins\/seo\/ -->\n<title>Notstromladeadapter EPT-2360 - Speicherladen.at<\/title>\n<meta name=\"robots\" content=\"index, follow, max-snippet:-1, max-image-preview:large, max-video-preview:-1\" \/>\n<link rel=\"canonical\" href=\"https:\/\/speicherladen.at\/de\/product\/notstromladeadapter-ept-2360\/\" \/>\n<meta property=\"og:locale\" content=\"de_DE\" \/>\n<meta property=\"og:type\" content=\"article\" \/>\n<meta property=\"og:title\" content=\"Notstromladeadapter EPT-2360 - Speicherladen.at\" \/>\n<meta property=\"og:description\" content=\"Artikel mit Februar 2026 ausgelaufen Ladeadapter fu\u0308r Notstromaggregate Die perfekte Erg\u00e4nzung zu Ihrem Notstromgenerator.    Leistung Notstromaggregat min. 2kVA  Versorgungssicherheit bei Stromausf\u00e4llen  Speicherbatterie aufladen und das Geb\u00e4ude mit Strom versorgen  Kontinuierlicher Stromfluss auch bei Spitzenlasten  Not-Betrieb Tag und Nacht bei Netzausfall  Direktes Laden des Batteriespeichers DCseitig  Keine Installation notwendig \u201eplug and play\u201c  Wenn kein MPP-Tracker frei ist muss der Artikel Umschaltbox DM zus\u00e4tzlich bestellt werden Ladespannung: 400-600 V DC geregelt Leistung: 6 kW Nettogewicht: 27 kg Liefertermin auf Anfrage Reparaturen finden ausschlie\u00dflich vor Ort bei der DM Elektrotechnik GmbH in Hellmons\u00f6dt statt.\" \/>\n<meta property=\"og:url\" content=\"https:\/\/speicherladen.at\/de\/product\/notstromladeadapter-ept-2360\/\" \/>\n<meta property=\"og:site_name\" content=\"Speicherladen.at\" \/>\n<meta property=\"article:publisher\" content=\"https:\/\/www.facebook.com\/dmelektrotechnik\" \/>\n<meta property=\"article:modified_time\" content=\"2026-02-18T06:51:20+00:00\" \/>\n<meta property=\"og:image\" content=\"https:\/\/speicherladen.at\/wp-content\/uploads\/2024\/02\/EPT-2360-Front-2.png\" \/>\n\t<meta property=\"og:image:width\" content=\"1546\" \/>\n\t<meta property=\"og:image:height\" content=\"1546\" \/>\n\t<meta property=\"og:image:type\" content=\"image\/png\" \/>\n<meta name=\"twitter:card\" content=\"summary_large_image\" \/>\n<meta name=\"twitter:label1\" content=\"Gesch\u00e4tzte Lesezeit\" \/>\n\t<meta name=\"twitter:data1\" content=\"1\u00a0Minute\" \/>\n<script type=\"application\/ld+json\" class=\"yoast-schema-graph\">{\"@context\":\"https:\/\/schema.org\",\"@graph\":[{\"@type\":\"WebPage\",\"@id\":\"https:\/\/speicherladen.at\/product\/notstromladeadapter-ept-2360\/\",\"url\":\"https:\/\/speicherladen.at\/product\/notstromladeadapter-ept-2360\/\",\"name\":\"Notstromladeadapter EPT-2360 - Speicherladen.at\",\"isPartOf\":{\"@id\":\"https:\/\/speicherladen.at\/#website\"},\"primaryImageOfPage\":{\"@id\":\"https:\/\/speicherladen.at\/product\/notstromladeadapter-ept-2360\/#primaryimage\"},\"image\":{\"@id\":\"https:\/\/speicherladen.at\/product\/notstromladeadapter-ept-2360\/#primaryimage\"},\"thumbnailUrl\":\"https:\/\/speicherladen.at\/wp-content\/uploads\/2024\/02\/EPT-2360-Front-2.png\",\"datePublished\":\"2026-01-13T09:47:18+00:00\",\"dateModified\":\"2026-02-18T06:51:20+00:00\",\"breadcrumb\":{\"@id\":\"https:\/\/speicherladen.at\/product\/notstromladeadapter-ept-2360\/#breadcrumb\"},\"inLanguage\":\"de\",\"potentialAction\":[{\"@type\":\"ReadAction\",\"target\":[\"https:\/\/speicherladen.at\/product\/notstromladeadapter-ept-2360\/\"]}]},{\"@type\":\"ImageObject\",\"inLanguage\":\"de\",\"@id\":\"https:\/\/speicherladen.at\/product\/notstromladeadapter-ept-2360\/#primaryimage\",\"url\":\"https:\/\/speicherladen.at\/wp-content\/uploads\/2024\/02\/EPT-2360-Front-2.png\",\"contentUrl\":\"https:\/\/speicherladen.at\/wp-content\/uploads\/2024\/02\/EPT-2360-Front-2.png\",\"width\":1546,\"height\":1546},{\"@type\":\"BreadcrumbList\",\"@id\":\"https:\/\/speicherladen.at\/product\/notstromladeadapter-ept-2360\/#breadcrumb\",\"itemListElement\":[{\"@type\":\"ListItem\",\"position\":1,\"name\":\"Startseite\",\"item\":\"https:\/\/speicherladen.at\/de\/\"},{\"@type\":\"ListItem\",\"position\":2,\"name\":\"Shop\",\"item\":\"https:\/\/speicherladen.at\/shop\/\"},{\"@type\":\"ListItem\",\"position\":3,\"name\":\"Notstromladeadapter EPT-2360\"}]},{\"@type\":\"WebSite\",\"@id\":\"https:\/\/speicherladen.at\/#website\",\"url\":\"https:\/\/speicherladen.at\/\",\"name\":\"Speicherladen.at\",\"description\":\"Autonomie mit PV Anlagen\",\"publisher\":{\"@id\":\"https:\/\/speicherladen.at\/#organization\"},\"potentialAction\":[{\"@type\":\"SearchAction\",\"target\":{\"@type\":\"EntryPoint\",\"urlTemplate\":\"https:\/\/speicherladen.at\/?s={search_term_string}\"},\"query-input\":{\"@type\":\"PropertyValueSpecification\",\"valueRequired\":true,\"valueName\":\"search_term_string\"}}],\"inLanguage\":\"de\"},{\"@type\":\"Organization\",\"@id\":\"https:\/\/speicherladen.at\/#organization\",\"name\":\"DM Elektrotechnik GmbH\",\"url\":\"https:\/\/speicherladen.at\/\",\"logo\":{\"@type\":\"ImageObject\",\"inLanguage\":\"de\",\"@id\":\"https:\/\/speicherladen.at\/#\/schema\/logo\/image\/\",\"url\":\"https:\/\/speicherladen.at\/wp-content\/uploads\/2022\/04\/LOGO_DM-Elektro.png\",\"contentUrl\":\"https:\/\/speicherladen.at\/wp-content\/uploads\/2022\/04\/LOGO_DM-Elektro.png\",\"width\":3147,\"height\":3147,\"caption\":\"DM Elektrotechnik GmbH\"},\"image\":{\"@id\":\"https:\/\/speicherladen.at\/#\/schema\/logo\/image\/\"},\"sameAs\":[\"https:\/\/www.facebook.com\/dmelektrotechnik\",\"https:\/\/www.instagram.com\/dmelektrotechnikgmbh\/\"]}]}<\/script>\n<!-- \/ Yoast SEO plugin. -->","yoast_head_json":{"title":"Notstromladeadapter EPT-2360 - Speicherladen.at","robots":{"index":"index","follow":"follow","max-snippet":"max-snippet:-1","max-image-preview":"max-image-preview:large","max-video-preview":"max-video-preview:-1"},"canonical":"https:\/\/speicherladen.at\/de\/product\/notstromladeadapter-ept-2360\/","og_locale":"de_DE","og_type":"article","og_title":"Notstromladeadapter EPT-2360 - Speicherladen.at","og_description":"Artikel mit Februar 2026 ausgelaufen Ladeadapter fu\u0308r Notstromaggregate Die perfekte Erg\u00e4nzung zu Ihrem Notstromgenerator.    Leistung Notstromaggregat min. 2kVA  Versorgungssicherheit bei Stromausf\u00e4llen  Speicherbatterie aufladen und das Geb\u00e4ude mit Strom versorgen  Kontinuierlicher Stromfluss auch bei Spitzenlasten  Not-Betrieb Tag und Nacht bei Netzausfall  Direktes Laden des Batteriespeichers DCseitig  Keine Installation notwendig \u201eplug and play\u201c  Wenn kein MPP-Tracker frei ist muss der Artikel Umschaltbox DM zus\u00e4tzlich bestellt werden Ladespannung: 400-600 V DC geregelt Leistung: 6 kW Nettogewicht: 27 kg Liefertermin auf Anfrage Reparaturen finden ausschlie\u00dflich vor Ort bei der DM Elektrotechnik GmbH in Hellmons\u00f6dt statt.","og_url":"https:\/\/speicherladen.at\/de\/product\/notstromladeadapter-ept-2360\/","og_site_name":"Speicherladen.at","article_publisher":"https:\/\/www.facebook.com\/dmelektrotechnik","article_modified_time":"2026-02-18T06:51:20+00:00","og_image":[{"width":1546,"height":1546,"url":"https:\/\/speicherladen.at\/wp-content\/uploads\/2024\/02\/EPT-2360-Front-2.png","type":"image\/png"}],"twitter_card":"summary_large_image","twitter_misc":{"Gesch\u00e4tzte Lesezeit":"1\u00a0Minute"},"schema":{"@context":"https:\/\/schema.org","@graph":[{"@type":"WebPage","@id":"https:\/\/speicherladen.at\/product\/notstromladeadapter-ept-2360\/","url":"https:\/\/speicherladen.at\/product\/notstromladeadapter-ept-2360\/","name":"Notstromladeadapter EPT-2360 - Speicherladen.at","isPartOf":{"@id":"https:\/\/speicherladen.at\/#website"},"primaryImageOfPage":{"@id":"https:\/\/speicherladen.at\/product\/notstromladeadapter-ept-2360\/#primaryimage"},"image":{"@id":"https:\/\/speicherladen.at\/product\/notstromladeadapter-ept-2360\/#primaryimage"},"thumbnailUrl":"https:\/\/speicherladen.at\/wp-content\/uploads\/2024\/02\/EPT-2360-Front-2.png","datePublished":"2026-01-13T09:47:18+00:00","dateModified":"2026-02-18T06:51:20+00:00","breadcrumb":{"@id":"https:\/\/speicherladen.at\/product\/notstromladeadapter-ept-2360\/#breadcrumb"},"inLanguage":"de","potentialAction":[{"@type":"ReadAction","target":["https:\/\/speicherladen.at\/product\/notstromladeadapter-ept-2360\/"]}]},{"@type":"ImageObject","inLanguage":"de","@id":"https:\/\/speicherladen.at\/product\/notstromladeadapter-ept-2360\/#primaryimage","url":"https:\/\/speicherladen.at\/wp-content\/uploads\/2024\/02\/EPT-2360-Front-2.png","contentUrl":"https:\/\/speicherladen.at\/wp-content\/uploads\/2024\/02\/EPT-2360-Front-2.png","width":1546,"height":1546},{"@type":"BreadcrumbList","@id":"https:\/\/speicherladen.at\/product\/notstromladeadapter-ept-2360\/#breadcrumb","itemListElement":[{"@type":"ListItem","position":1,"name":"Startseite","item":"https:\/\/speicherladen.at\/de\/"},{"@type":"ListItem","position":2,"name":"Shop","item":"https:\/\/speicherladen.at\/shop\/"},{"@type":"ListItem","position":3,"name":"Notstromladeadapter EPT-2360"}]},{"@type":"WebSite","@id":"https:\/\/speicherladen.at\/#website","url":"https:\/\/speicherladen.at\/","name":"Speicherladen.at","description":"Autonomie mit PV Anlagen","publisher":{"@id":"https:\/\/speicherladen.at\/#organization"},"potentialAction":[{"@type":"SearchAction","target":{"@type":"EntryPoint","urlTemplate":"https:\/\/speicherladen.at\/?s={search_term_string}"},"query-input":{"@type":"PropertyValueSpecification","valueRequired":true,"valueName":"search_term_string"}}],"inLanguage":"de"},{"@type":"Organization","@id":"https:\/\/speicherladen.at\/#organization","name":"DM Elektrotechnik GmbH","url":"https:\/\/speicherladen.at\/","logo":{"@type":"ImageObject","inLanguage":"de","@id":"https:\/\/speicherladen.at\/#\/schema\/logo\/image\/","url":"https:\/\/speicherladen.at\/wp-content\/uploads\/2022\/04\/LOGO_DM-Elektro.png","contentUrl":"https:\/\/speicherladen.at\/wp-content\/uploads\/2022\/04\/LOGO_DM-Elektro.png","width":3147,"height":3147,"caption":"DM Elektrotechnik GmbH"},"image":{"@id":"https:\/\/speicherladen.at\/#\/schema\/logo\/image\/"},"sameAs":["https:\/\/www.facebook.com\/dmelektrotechnik","https:\/\/www.instagram.com\/dmelektrotechnikgmbh\/"]}]}},"_links":{"self":[{"href":"https:\/\/speicherladen.at\/de\/wp-json\/wp\/v2\/product\/2731","targetHints":{"allow":["GET"]}}],"collection":[{"href":"https:\/\/speicherladen.at\/de\/wp-json\/wp\/v2\/product"}],"about":[{"href":"https:\/\/speicherladen.at\/de\/wp-json\/wp\/v2\/types\/product"}],"version-history":[{"count":2,"href":"https:\/\/speicherladen.at\/de\/wp-json\/wp\/v2\/product\/2731\/revisions"}],"predecessor-version":[{"id":2733,"href":"https:\/\/speicherladen.at\/de\/wp-json\/wp\/v2\/product\/2731\/revisions\/2733"}],"wp:featuredmedia":[{"embeddable":true,"href":"https:\/\/speicherladen.at\/de\/wp-json\/wp\/v2\/media\/2159"}],"wp:attachment":[{"href":"https:\/\/speicherladen.at\/de\/wp-json\/wp\/v2\/media?parent=2731"}],"wp:term":[{"taxonomy":"product_cat","embeddable":true,"href":"https:\/\/speicherladen.at\/de\/wp-json\/wp\/v2\/product_cat?post=2731"},{"taxonomy":"product_tag","embeddable":true,"href":"https:\/\/speicherladen.at\/de\/wp-json\/wp\/v2\/product_tag?post=2731"}],"curies":[{"name":"wp","href":"https:\/\/api.w.org\/{rel}","templated":true}]}}