{"id":2282,"date":"2024-03-04T20:32:13","date_gmt":"2024-03-04T19:32:13","guid":{"rendered":"https:\/\/speicherladen.at\/?page_id=2282"},"modified":"2024-03-04T20:43:40","modified_gmt":"2024-03-04T19:43:40","slug":"agb-2","status":"publish","type":"page","link":"https:\/\/speicherladen.at\/de\/agb-2\/","title":{"rendered":"AGB"},"content":{"rendered":"\t\t<div data-elementor-type=\"wp-page\" data-elementor-id=\"2282\" class=\"elementor elementor-2282\" data-elementor-post-type=\"page\">\n\t\t\t\t\t\t\t<div class=\" elementor-element elementor-element-6b2ca0e e-flex e-con-boxed e-con e-parent\" data-id=\"6b2ca0e\" data-element_type=\"container\">\r\n\t\t\t\t\t\t\t<div class=\"e-con-inner\">\r\n\t\t\t\t\t\t<div class=\"elementor-element elementor-element-46a0e5a elementor-widget elementor-widget-text-editor\" data-id=\"46a0e5a\" data-element_type=\"widget\" data-widget_type=\"text-editor.default\">\n\t\t\t\t\t\t\t\t\t<h2 class=\"rich-text__heading h2\">AGBs<\/h2><div class=\"rich-text__text typeset rte\"><p><strong>\u00a71 Geltung<br \/>gegen\u00fcber Unternehmern und Begriffsdefinitionen<\/strong><\/p><p>(1)<br \/>Die nachfolgenden Allgemeinen Gesch\u00e4ftbedingungen gelten f\u00fcr alle Lieferungen zwischen uns und einem Verbraucher in ihrer zum Zeitpunkt der Bestellung g\u00fcltigen Fassung.<\/p><p>Verbraucher ist jede nat\u00fcrliche Person, die ein Rechtsgesch\u00e4ft zu Zwecken abschlie\u00dft, die \u00fcberwiegend weder ihrer gewerblichen<br \/>noch ihrer selbst\u00e4ndigen beruflichen T\u00e4tigkeit zugerechnet werden k\u00f6nnen (\u00a7 13 BGB).<\/p><p><strong>\u00a72 Zustandekommen eines Vertrages, Speicherung des Vertragstextes<\/strong><\/p><p>(1)<br \/>Die folgenden Regelungen \u00fcber den Vertragsabschluss gelten f\u00fcr Bestellungen \u00fcber unseren Internetshop https:\/\/www.speicherladen.at .<\/p><p><strong>(2) Im Falle des Vertragsschlusses kommt der Vertrag mit<\/strong><\/p><p><strong>DM Elektrotechnik GmbH<br \/><\/strong>Dietmar Mitterlehner<br \/>Gewerbezeile 10,<br \/>4202 Hellmons\u00f6dt,<br \/>\u00d6sterreich<\/p><p>Registergericht Linz zustande.<br \/><br \/>(3) Die Pr\u00e4sentation der Waren in unserem Internetshop stellen kein rechtlich bindendes Vertragsangebot unsererseits dar, sondern sind nur eine unverbindliche Aufforderungen an den Verbraucher, Waren zu bestellen. Mit der Bestellung der gew\u00fcnschten Ware gibt der Verbraucher ein f\u00fcr ihn verbindliches Angebot auf Abschluss eines Kaufvertrages ab.<\/p><p>(4) Bei Eingang einer Bestellung in unserem Internetshop gelten folgende Regelungen: Der Verbraucher gibt ein bindendes<br \/>Vertragsangebot ab, indem er die in unserem Internetshop vorgesehene Bestellprozedur erfolgreich durchl\u00e4uft.<\/p><p>Die Bestellung erfolgt in folgenden Schritten:<\/p><p>1) Auswahl der gew\u00fcnschten Ware<\/p><p>2) Best\u00e4tigen durch Anklicken der Buttons \u201eJetzt kaufen\u201c<\/p><p>3) Pr\u00fcfung der Angaben im Warenkorb<\/p><p>4) Bet\u00e4tigung des Buttons \u201ezur Kasse\u201c<\/p><p>5) Anmeldung im Internetshop nach Registrierung und Eingabe der Anmelderangaben<br \/>(E-Mail-Adresse und Passwort).<\/p><p>6) Nochmalige Pr\u00fcfung bzw. Berichtigung der jeweiligen eingegebenen Daten.<\/p><p>7) Verbindliche Absendung der Bestellung durch Anklicken des Buttons<br \/>\u201ekostenpflichtig bestellen\u201c bzw. \u201ekaufen\u201c<\/p><p>Der Verbraucher kann vor dem verbindlichen Absenden der Bestellung durch Bet\u00e4tigen der in dem von ihm verwendeten Internet-Browser enthaltenen \u201eZur\u00fcck\u201c-Taste nach Kontrolle seiner Angaben wieder zu der Internetseite gelangen, auf der die Angaben des Kunden erfasst werden und Eingabefehler berichtigen bzw. durch Schlie\u00dfen des Internetbrowsers den Bestellvorgang abbrechen. Wir best\u00e4tigen den<br \/>Eingang der Bestellung unmittelbar durch eine automatisch generierte E-Mail (\u201eAuftragsbest\u00e4tigung\u201c). Mit dieser nehmen wir Ihr Angebot an.<\/p><p>(5) Speicherung des Vertragstextes bei Bestellungen \u00fcber unseren Internetshop : Wir speichern den Vertragstext und senden Ihnen die Bestelldaten und unsere AGB per E-Mail zu. Die AGB k\u00f6nnen Sie jederzeit auch unter https:\/\/www.speicherladen.at\/agb einsehen. Ihre vergangenen<br \/>Bestellungen k\u00f6nnen Sie in unserem Kunden-Bereich unter Mein Konto &#8211;&gt; Meine Bestellungen einsehen.<\/p><p><strong>\u00a73 Preise, Versandkosten, Zahlung, F\u00e4lligkeit<\/strong><\/p><p>(1) Die angegebenen Preise enthalten die gesetzliche Umsatzsteuer und sonstige Preisbestandteile. Hinzu kommen etwaige Versandkosten.<\/p><p>(2) Der Verbraucher hat die M\u00f6glichkeit der Zahlung per Vorauskasse, PayPal oder Kreditkarte( Visa, Mastercard, American Express) .<\/p><p><strong>\u00a74 Lieferung<\/strong><\/p><p>(1) Die Lieferdauer ist abh\u00e4ngig von der Produktion und wird nach der Bestellung dem Kunden bekannt gegeben. Die Lieferung erfolgt sp\u00e4testen innerhalb von 2 Monaten. Dabei beginnt die Frist f\u00fcr die Lieferung im Falle der Zahlung per Vorkasse am Tag nach<br \/>Zahlungsauftrag an die mit der \u00dcberweisung beauftragte Bank und bei allen anderen Zahlungsarten am Tag nach Vertragsschluss zu laufen. F\u00e4llt das Fristende auf einen Samstag, Sonntag oder gesetzlichen Feiertag am Lieferort, so endet die Frist am n\u00e4chsten Werktag.<\/p><p>(2) Die Gefahr des zuf\u00e4lligen Untergangs und der zuf\u00e4lligen Verschlechterung der verkauften Sache geht auch beim Versendungskauf erst mit der \u00dcbergabe der Sache an den K\u00e4ufer auf diesen \u00fcber.<\/p><p><strong>\u00a75 Eigentumsvorbehalt<\/strong><\/p><p>Wir behalten uns das Eigentum an der Ware bis zur vollst\u00e4ndigen Bezahlung des Kaufpreises vor.<\/p><p>****************************************************************************************************<\/p><p><strong>\u00a76 Widerrufsrecht<br \/>des Kunden als Verbraucher:<\/strong><\/p><p><strong>Widerrufsrecht<br \/>f\u00fcr Verbraucher<\/strong><\/p><p>Verbrauchern steht ein Widerrufsrecht nach folgender Ma\u00dfgabe zu, wobei Verbraucher jede nat\u00fcrliche Person ist, die ein<br \/>Rechtsgesch\u00e4ft zu Zwecken abschlie\u00dft, die \u00fcberwiegend weder ihrer gewerblichen noch ihrer selbst\u00e4ndigen beruflichen T\u00e4tigkeit zugerechnet werden k\u00f6nnen:<\/p><p><strong>Widerrufsbelehrung<\/strong><\/p><p><strong>Widerrufsrecht<\/strong><\/p><p>Sie haben das Recht, binnen vierzehn Tagen ohne Angabe von Gr\u00fcnden diesen Vertrag zu widerrufen.<\/p><p>Die Widerrufsfrist betr\u00e4gt vierzehn Tage, ab dem Tag, an dem Sie oder ein von Ihnen benannter Dritter, der nicht der Bef\u00f6rderer ist, die Waren in Besitz genommen haben bzw. hat.<\/p><p>Um Ihr Widerrufsrecht auszu\u00fcben, m\u00fcssen Sie uns<\/p><p>DM Elektrotechnik GmbH<br \/>Dietmar Mitterlehner<br \/>Gewerbezeile 10,<br \/>4202 Hellmons\u00f6dt,<br \/>\u00d6sterreich<\/p><p>E-Mail <strong><a href=\"mailto:office@dm-elektrotechnik.at\">office@dm-elektrotechnik.at<\/a><\/strong><\/p><p>mittels einer eindeutigen Erkl\u00e4rung (z.B. ein mit der Post versandter Brief, Telefax<br \/>oder E-Mail) \u00fcber Ihren Entschluss, diesen Vertrag zu widerrufen, informieren. Sie k\u00f6nnen daf\u00fcr das beigef\u00fcgte Muster-Widerrufsformular verwenden, das jedoch nicht vorgeschrieben ist.<\/p><p><strong>Widerrufsfolgen<\/strong><\/p><p>Wenn Sie diesen Vertrag widerrufen, haben wir\u00a0<br \/>Ihnen alle Zahlungen, die wir von Ihnen erhalten haben, einschlie\u00dflich der<br \/>Lieferkosten (mit Ausnahme der zus\u00e4tzlichen Kosten, die sich daraus ergeben,<br \/>dass Sie eine andere Art der Lieferung als die von uns angebotene, g\u00fcnstigste<br \/>Standardlieferung gew\u00e4hlt haben), unverz\u00fcglich und sp\u00e4testens binnen vierzehn<br \/>Tagen ab dem Tag zur\u00fcckzuzahlen, an dem die Mitteilung \u00fcber Ihren Widerruf<br \/>dieses Vertrags bei uns eingegangen ist. F\u00fcr diese R\u00fcckzahlung verwenden wir<br \/>dasselbe Zahlungsmittel, das Sie bei der urspr\u00fcnglichen Transaktion eingesetzt<br \/>haben, es sei denn, mit Ihnen wurde ausdr\u00fccklich etwas anderes vereinbart; in<br \/>keinem Fall werden Ihnen wegen dieser R\u00fcckzahlung Entgelte berechnet.<\/p><p>Wir k\u00f6nnen die R\u00fcckzahlung verweigern, bis wir<br \/>die Waren wieder zur\u00fcckerhalten haben oder bis Sie den Nachweis erbracht haben,<br \/>dass Sie die Waren zur\u00fcckgesandt haben, je nachdem, welches der fr\u00fchere<br \/>Zeitpunkt ist.<\/p><p>Sie haben die Waren unverz\u00fcglich und in jedem<br \/>Fall sp\u00e4testens binnen vierzehn Tagen ab dem Tag, an dem Sie uns \u00fcber den<br \/>Widerruf dieses Vertrages unterrichten, an uns zur\u00fcckzusenden oder zu<br \/>\u00fcbergeben. Die Frist ist gewahrt, wenn Sie die Waren vor Ablauf der Frist von<br \/>vierzehn Tagen absenden.<\/p><p>Sie tragen die unmittelbaren Kosten der<br \/>R\u00fccksendung der Waren.<\/p><p><strong>Ende der Widerrufsbelehrung<\/strong><\/p><p>****************************************************************************************************<\/p><p><strong>\u00a77<br \/>Widerrufsformular <\/strong><strong>Muster-Widerrufsformular<\/strong><\/p><p>(Wenn Sie den Vertrag widerrufen wollen, dann f\u00fcllen Sie bitte dieses Formular aus und senden Sie es zur\u00fcck.)<\/p><p>An :<\/p><p>DM Elektrotechnik GmbH<br \/>Dietmar Mitterlehner<br \/>Gewerbezeile 10,<br \/>4202 Hellmons\u00f6dt,<br \/>\u00d6sterreich<\/p><p>E-Mail <strong><a href=\"mailto:office@dm-elektrotechnik.at\">office@dm-elektrotechnik.at<\/a><\/strong><\/p><p>Hiermit widerrufe(n) ich\/wir (*) den von mir\/uns (*) abgeschlossenen Vertrag \u00fcber den Kauf der folgenden Waren (*)\/die Erbringung der folgenden<br \/>Dienstleistung (*)<\/p><p>_____________________________________________________<\/p><p>Bestellt am (*)\/erhalten am (*)<\/p><p>__________________<\/p><p>Name des\/der Verbraucher(s)<\/p><p>_____________________________________________________<\/p><p>Anschrift des\/der Verbraucher(s)<\/p><p>_____________________________________________________<\/p><p>Unterschrift des\/der Verbraucher(s) (nur bei Mitteilung auf Papier)<\/p><p>__________________<\/p><p>Datum<\/p><p>__________________<\/p><p>(*)<br \/>Unzutreffendes streichen.<\/p><p><strong>\u00a78 Gew\u00e4hrleistung<\/strong><\/p><p>Es gelten die gesetzlichen Gew\u00e4hrleistungsregelungen.<\/p><p><strong>\u00a79 Vertragssprache<\/strong><\/p><p>Als Vertragssprache steht ausschlie\u00dflich Deutsch zur Verf\u00fcgung.<\/p><\/div>\t\t\t\t\t\t\t\t<\/div>\n\t\t\t\t\t\t<\/div>\r\n\t\t\t\t\r\n\t\t\t<\/div>\r\n\t\t\t\t\t<\/div>\n\t\t","protected":false},"excerpt":{"rendered":"<p>AGBs \u00a71 Geltunggegen\u00fcber Unternehmern und Begriffsdefinitionen (1)Die nachfolgenden Allgemeinen Gesch\u00e4ftbedingungen gelten f\u00fcr alle Lieferungen zwischen uns und einem Verbraucher in ihrer zum Zeitpunkt der Bestellung g\u00fcltigen Fassung. Verbraucher ist jede nat\u00fcrliche Person, die ein Rechtsgesch\u00e4ft zu Zwecken abschlie\u00dft, die \u00fcberwiegend weder ihrer gewerblichennoch ihrer selbst\u00e4ndigen beruflichen T\u00e4tigkeit zugerechnet werden k\u00f6nnen (\u00a7 13 BGB). \u00a72 Zustandekommen [&hellip;]<\/p>\n","protected":false},"author":1,"featured_media":0,"parent":0,"menu_order":0,"comment_status":"closed","ping_status":"closed","template":"","meta":{"_acf_changed":false,"footnotes":""},"class_list":["post-2282","page","type-page","status-publish","hentry"],"acf":[],"yoast_head":"<!-- This site is optimized with the Yoast SEO plugin v26.6 - https:\/\/yoast.com\/wordpress\/plugins\/seo\/ -->\n<title>AGB - Speicherladen.at<\/title>\n<meta name=\"robots\" content=\"index, follow, max-snippet:-1, max-image-preview:large, max-video-preview:-1\" \/>\n<link rel=\"canonical\" href=\"https:\/\/speicherladen.at\/de\/agb-2\/\" \/>\n<meta property=\"og:locale\" content=\"de_DE\" \/>\n<meta property=\"og:type\" content=\"article\" \/>\n<meta property=\"og:title\" content=\"AGB - Speicherladen.at\" \/>\n<meta property=\"og:description\" content=\"AGBs \u00a71 Geltunggegen\u00fcber Unternehmern und Begriffsdefinitionen (1)Die nachfolgenden Allgemeinen Gesch\u00e4ftbedingungen gelten f\u00fcr alle Lieferungen zwischen uns und einem Verbraucher in ihrer zum Zeitpunkt der Bestellung g\u00fcltigen Fassung. Verbraucher ist jede nat\u00fcrliche Person, die ein Rechtsgesch\u00e4ft zu Zwecken abschlie\u00dft, die \u00fcberwiegend weder ihrer gewerblichennoch ihrer selbst\u00e4ndigen beruflichen T\u00e4tigkeit zugerechnet werden k\u00f6nnen (\u00a7 13 BGB). \u00a72 Zustandekommen [&hellip;]\" \/>\n<meta property=\"og:url\" content=\"https:\/\/speicherladen.at\/de\/agb-2\/\" \/>\n<meta property=\"og:site_name\" content=\"Speicherladen.at\" \/>\n<meta property=\"article:publisher\" content=\"https:\/\/www.facebook.com\/dmelektrotechnik\" \/>\n<meta property=\"article:modified_time\" content=\"2024-03-04T19:43:40+00:00\" \/>\n<meta name=\"twitter:card\" content=\"summary_large_image\" \/>\n<meta name=\"twitter:label1\" content=\"Gesch\u00e4tzte Lesezeit\" \/>\n\t<meta name=\"twitter:data1\" content=\"5\u00a0Minuten\" \/>\n<script type=\"application\/ld+json\" class=\"yoast-schema-graph\">{\"@context\":\"https:\/\/schema.org\",\"@graph\":[{\"@type\":\"WebPage\",\"@id\":\"https:\/\/speicherladen.at\/agb-2\/\",\"url\":\"https:\/\/speicherladen.at\/agb-2\/\",\"name\":\"AGB - Speicherladen.at\",\"isPartOf\":{\"@id\":\"https:\/\/speicherladen.at\/#website\"},\"datePublished\":\"2024-03-04T19:32:13+00:00\",\"dateModified\":\"2024-03-04T19:43:40+00:00\",\"breadcrumb\":{\"@id\":\"https:\/\/speicherladen.at\/agb-2\/#breadcrumb\"},\"inLanguage\":\"de\",\"potentialAction\":[{\"@type\":\"ReadAction\",\"target\":[\"https:\/\/speicherladen.at\/agb-2\/\"]}]},{\"@type\":\"BreadcrumbList\",\"@id\":\"https:\/\/speicherladen.at\/agb-2\/#breadcrumb\",\"itemListElement\":[{\"@type\":\"ListItem\",\"position\":1,\"name\":\"Startseite\",\"item\":\"https:\/\/speicherladen.at\/de\/\"},{\"@type\":\"ListItem\",\"position\":2,\"name\":\"AGB\"}]},{\"@type\":\"WebSite\",\"@id\":\"https:\/\/speicherladen.at\/#website\",\"url\":\"https:\/\/speicherladen.at\/\",\"name\":\"Speicherladen.at\",\"description\":\"Autonomie mit PV Anlagen\",\"publisher\":{\"@id\":\"https:\/\/speicherladen.at\/#organization\"},\"potentialAction\":[{\"@type\":\"SearchAction\",\"target\":{\"@type\":\"EntryPoint\",\"urlTemplate\":\"https:\/\/speicherladen.at\/?s={search_term_string}\"},\"query-input\":{\"@type\":\"PropertyValueSpecification\",\"valueRequired\":true,\"valueName\":\"search_term_string\"}}],\"inLanguage\":\"de\"},{\"@type\":\"Organization\",\"@id\":\"https:\/\/speicherladen.at\/#organization\",\"name\":\"DM Elektrotechnik GmbH\",\"url\":\"https:\/\/speicherladen.at\/\",\"logo\":{\"@type\":\"ImageObject\",\"inLanguage\":\"de\",\"@id\":\"https:\/\/speicherladen.at\/#\/schema\/logo\/image\/\",\"url\":\"https:\/\/speicherladen.at\/wp-content\/uploads\/2022\/04\/LOGO_DM-Elektro.png\",\"contentUrl\":\"https:\/\/speicherladen.at\/wp-content\/uploads\/2022\/04\/LOGO_DM-Elektro.png\",\"width\":3147,\"height\":3147,\"caption\":\"DM Elektrotechnik GmbH\"},\"image\":{\"@id\":\"https:\/\/speicherladen.at\/#\/schema\/logo\/image\/\"},\"sameAs\":[\"https:\/\/www.facebook.com\/dmelektrotechnik\",\"https:\/\/www.instagram.com\/dmelektrotechnikgmbh\/\"]}]}<\/script>\n<!-- \/ Yoast SEO plugin. -->","yoast_head_json":{"title":"AGB - Speicherladen.at","robots":{"index":"index","follow":"follow","max-snippet":"max-snippet:-1","max-image-preview":"max-image-preview:large","max-video-preview":"max-video-preview:-1"},"canonical":"https:\/\/speicherladen.at\/de\/agb-2\/","og_locale":"de_DE","og_type":"article","og_title":"AGB - Speicherladen.at","og_description":"AGBs \u00a71 Geltunggegen\u00fcber Unternehmern und Begriffsdefinitionen (1)Die nachfolgenden Allgemeinen Gesch\u00e4ftbedingungen gelten f\u00fcr alle Lieferungen zwischen uns und einem Verbraucher in ihrer zum Zeitpunkt der Bestellung g\u00fcltigen Fassung. Verbraucher ist jede nat\u00fcrliche Person, die ein Rechtsgesch\u00e4ft zu Zwecken abschlie\u00dft, die \u00fcberwiegend weder ihrer gewerblichennoch ihrer selbst\u00e4ndigen beruflichen T\u00e4tigkeit zugerechnet werden k\u00f6nnen (\u00a7 13 BGB). \u00a72 Zustandekommen [&hellip;]","og_url":"https:\/\/speicherladen.at\/de\/agb-2\/","og_site_name":"Speicherladen.at","article_publisher":"https:\/\/www.facebook.com\/dmelektrotechnik","article_modified_time":"2024-03-04T19:43:40+00:00","twitter_card":"summary_large_image","twitter_misc":{"Gesch\u00e4tzte Lesezeit":"5\u00a0Minuten"},"schema":{"@context":"https:\/\/schema.org","@graph":[{"@type":"WebPage","@id":"https:\/\/speicherladen.at\/agb-2\/","url":"https:\/\/speicherladen.at\/agb-2\/","name":"AGB - Speicherladen.at","isPartOf":{"@id":"https:\/\/speicherladen.at\/#website"},"datePublished":"2024-03-04T19:32:13+00:00","dateModified":"2024-03-04T19:43:40+00:00","breadcrumb":{"@id":"https:\/\/speicherladen.at\/agb-2\/#breadcrumb"},"inLanguage":"de","potentialAction":[{"@type":"ReadAction","target":["https:\/\/speicherladen.at\/agb-2\/"]}]},{"@type":"BreadcrumbList","@id":"https:\/\/speicherladen.at\/agb-2\/#breadcrumb","itemListElement":[{"@type":"ListItem","position":1,"name":"Startseite","item":"https:\/\/speicherladen.at\/de\/"},{"@type":"ListItem","position":2,"name":"AGB"}]},{"@type":"WebSite","@id":"https:\/\/speicherladen.at\/#website","url":"https:\/\/speicherladen.at\/","name":"Speicherladen.at","description":"Autonomie mit PV Anlagen","publisher":{"@id":"https:\/\/speicherladen.at\/#organization"},"potentialAction":[{"@type":"SearchAction","target":{"@type":"EntryPoint","urlTemplate":"https:\/\/speicherladen.at\/?s={search_term_string}"},"query-input":{"@type":"PropertyValueSpecification","valueRequired":true,"valueName":"search_term_string"}}],"inLanguage":"de"},{"@type":"Organization","@id":"https:\/\/speicherladen.at\/#organization","name":"DM Elektrotechnik GmbH","url":"https:\/\/speicherladen.at\/","logo":{"@type":"ImageObject","inLanguage":"de","@id":"https:\/\/speicherladen.at\/#\/schema\/logo\/image\/","url":"https:\/\/speicherladen.at\/wp-content\/uploads\/2022\/04\/LOGO_DM-Elektro.png","contentUrl":"https:\/\/speicherladen.at\/wp-content\/uploads\/2022\/04\/LOGO_DM-Elektro.png","width":3147,"height":3147,"caption":"DM Elektrotechnik GmbH"},"image":{"@id":"https:\/\/speicherladen.at\/#\/schema\/logo\/image\/"},"sameAs":["https:\/\/www.facebook.com\/dmelektrotechnik","https:\/\/www.instagram.com\/dmelektrotechnikgmbh\/"]}]}},"_links":{"self":[{"href":"https:\/\/speicherladen.at\/de\/wp-json\/wp\/v2\/pages\/2282","targetHints":{"allow":["GET"]}}],"collection":[{"href":"https:\/\/speicherladen.at\/de\/wp-json\/wp\/v2\/pages"}],"about":[{"href":"https:\/\/speicherladen.at\/de\/wp-json\/wp\/v2\/types\/page"}],"author":[{"embeddable":true,"href":"https:\/\/speicherladen.at\/de\/wp-json\/wp\/v2\/users\/1"}],"replies":[{"embeddable":true,"href":"https:\/\/speicherladen.at\/de\/wp-json\/wp\/v2\/comments?post=2282"}],"version-history":[{"count":0,"href":"https:\/\/speicherladen.at\/de\/wp-json\/wp\/v2\/pages\/2282\/revisions"}],"wp:attachment":[{"href":"https:\/\/speicherladen.at\/de\/wp-json\/wp\/v2\/media?parent=2282"}],"curies":[{"name":"wp","href":"https:\/\/api.w.org\/{rel}","templated":true}]}}